{"id":37,"date":"2017-08-17T08:40:53","date_gmt":"2017-08-17T06:40:53","guid":{"rendered":"http:\/\/atelierenergie.org\/?page_id=37"},"modified":"2025-08-17T16:57:26","modified_gmt":"2025-08-17T14:57:26","slug":"agenda","status":"publish","type":"page","link":"https:\/\/atelierenergie.org\/index.php\/agenda\/","title":{"rendered":"Agenda"},"content":{"rendered":"<p><div class=\"eds-animate edsanimate-sis-hidden \" data-eds-entry-animation=\"bounceInDown\" data-eds-entry-delay=\"0.1\" data-eds-entry-duration=\"1.8\" data-eds-entry-timing=\"cubic-bezier(0.445, 0.05, 0.55, 0.95)\" data-eds-exit-animation=\"\" data-eds-exit-delay=\"\" data-eds-exit-duration=\"\" data-eds-exit-timing=\"\" data-eds-repeat-count=\"1\" data-eds-keep=\"yes\" data-eds-animate-on=\"load\" data-eds-scroll-offset=\"\">Date \u00e0 retenir\u00a0:<\/p>\n<ul>\n<li><b>Reprise des cours le jeudi 11 septembre 2025.\u00a0 \u00a0 \u00a0 \u00a0 <\/b><span style=\"color: #000000;\">\u00a0 \u00a0 \u00a0 \u00a0 \u00a0 \u00a0 \u00a0 \u00a0 \u00a0 \u00a0 \u00a0 \u00a0 \u00a0 \u00a0 \u00a0 \u00a0 \u00a0 \u00a0 \u00a0 \u00a0 \u00a0 \u00a0 \u00a0 \u00a0 \u00a0 \u00a0 \u00a0 \u00a0 \u00a0 \u00a0 \u00a0 \u00a0 \u00a0 \u00a0 \u00a0 \u00a0 \u00a0 \u00a0 \u00a0 \u00a0 \u00a0 \u00a0 \u00a0 \u00a0 \u00a0 \u00a0 \u00a0 \u00a0 \u00a0 \u00a0 \u00a0 \u00a0 \u00a0 \u00a0\u00a0<\/span><\/li>\n<li>Possibilit\u00e9 de faire un cours d&rsquo;essai gratuit.<\/li>\n<\/ul>\n<p><strong>.. STAGE<\/strong> de Qi Gong un samedi matin de<strong>\u00a0novembre<\/strong> de 9h \u00e0 12h, \u00e0 Cognin (date \u00e0 confirmer). Ouvert \u00e0 tous (y compris non adh\u00e9rents et d\u00e9butants). Tarif : 30\u20ac<\/p>\n<p><\/div><div class=\"eds-animate edsanimate-sis-hidden \" data-eds-entry-animation=\"rotateInDownLeft\" data-eds-entry-delay=\"1.4\" data-eds-entry-duration=\"1.9\" data-eds-entry-timing=\"cubic-bezier(0.755, 0.05, 0.855, 0.06)\" data-eds-exit-animation=\"\" data-eds-exit-delay=\"\" data-eds-exit-duration=\"\" data-eds-exit-timing=\"\" data-eds-repeat-count=\"1\" data-eds-keep=\"yes\" data-eds-animate-on=\"load\" data-eds-scroll-offset=\"\"><\/p>\n<p><img decoding=\"async\" loading=\"lazy\" class=\"alignnone wp-image-195 size-full\" src=\"https:\/\/atelierenergie.org\/wp-content\/uploads\/2018\/09\/agenda2.jpg\" alt=\"\" width=\"611\" height=\"378\" srcset=\"https:\/\/atelierenergie.org\/wp-content\/uploads\/2018\/09\/agenda2.jpg 611w, https:\/\/atelierenergie.org\/wp-content\/uploads\/2018\/09\/agenda2-300x186.jpg 300w\" sizes=\"(max-width: 611px) 100vw, 611px\" \/><\/p>\n<\/div>\n","protected":false},"excerpt":{"rendered":"<p>Date \u00e0 retenir\u00a0: Reprise des cours le jeudi 11 septembre 2025.\u00a0 \u00a0 \u00a0 \u00a0 \u00a0 \u00a0 \u00a0 \u00a0 \u00a0 \u00a0 \u00a0 \u00a0 \u00a0 \u00a0 \u00a0 \u00a0 \u00a0 \u00a0 \u00a0 \u00a0 \u00a0 \u00a0 \u00a0 \u00a0 \u00a0 \u00a0 \u00a0 \u00a0 \u00a0 \u00a0 &hellip; <a href=\"https:\/\/atelierenergie.org\/index.php\/agenda\/\">Continuer la lecture <span class=\"meta-nav\">&rarr;<\/span><\/a><\/p>\n","protected":false},"author":1,"featured_media":0,"parent":0,"menu_order":0,"comment_status":"closed","ping_status":"closed","template":"","meta":[],"_links":{"self":[{"href":"https:\/\/atelierenergie.org\/index.php\/wp-json\/wp\/v2\/pages\/37"}],"collection":[{"href":"https:\/\/atelierenergie.org\/index.php\/wp-json\/wp\/v2\/pages"}],"about":[{"href":"https:\/\/atelierenergie.org\/index.php\/wp-json\/wp\/v2\/types\/page"}],"author":[{"embeddable":true,"href":"https:\/\/atelierenergie.org\/index.php\/wp-json\/wp\/v2\/users\/1"}],"replies":[{"embeddable":true,"href":"https:\/\/atelierenergie.org\/index.php\/wp-json\/wp\/v2\/comments?post=37"}],"version-history":[{"count":48,"href":"https:\/\/atelierenergie.org\/index.php\/wp-json\/wp\/v2\/pages\/37\/revisions"}],"predecessor-version":[{"id":355,"href":"https:\/\/atelierenergie.org\/index.php\/wp-json\/wp\/v2\/pages\/37\/revisions\/355"}],"wp:attachment":[{"href":"https:\/\/atelierenergie.org\/index.php\/wp-json\/wp\/v2\/media?parent=37"}],"curies":[{"name":"wp","href":"https:\/\/api.w.org\/{rel}","templated":true}]}}