{"id":7,"date":"2017-08-17T08:12:52","date_gmt":"2017-08-17T06:12:52","guid":{"rendered":"http:\/\/atelierenergie.org\/?page_id=7"},"modified":"2023-02-14T11:39:24","modified_gmt":"2023-02-14T10:39:24","slug":"accueil","status":"publish","type":"page","link":"https:\/\/atelierenergie.org\/","title":{"rendered":""},"content":{"rendered":"<p><div class=\"eds-animate edsanimate-sis-hidden \" data-eds-entry-animation=\"bounceInDown\" data-eds-entry-delay=\"0.2\" data-eds-entry-duration=\"1.2\" data-eds-entry-timing=\"cubic-bezier(0.445, 0.05, 0.55, 0.95)\" data-eds-exit-animation=\"\" data-eds-exit-delay=\"\" data-eds-exit-duration=\"\" data-eds-exit-timing=\"\" data-eds-repeat-count=\"1\" data-eds-keep=\"yes\" data-eds-animate-on=\"load\" data-eds-scroll-offset=\"\">Bienvenue sur le site de l&rsquo;Association <strong>ATELIER <span style=\"color: #ff6600;\">ENERGIE<\/span><\/strong> bas\u00e9e \u00e0 Cognin pr\u00e8s de Chamb\u00e9ry (Savoie, France).<\/p>\n<p>L&rsquo;association <strong>ATELIER <span style=\"color: #ff6600;\">ENERGIE<\/span><\/strong>\u00a0a pour objet le d\u00e9veloppement du <a href=\"http:\/\/atelierenergie.org\/index.php\/une-section-de-page-daccueil\/\">Qi Gong et du Ta\u00ef chi<\/a> dans la r\u00e9gion&#8230;<\/p>\n<p>Ces Arts \u00e9nerg\u00e9tiques sont d\u00e9sormais reconnus mondialement pour leurs bienfaits sur la sant\u00e9 ainsi que sur l&rsquo;\u00e9quilibre psycho-\u00e9motionel.<\/p>\n<p>L&rsquo;association <strong>ATELIER <span style=\"color: #ff6600;\">ENERGIE<\/span><\/strong>\u00a0propose une d\u00e9couverte et un approfondissement de ces Arts mill\u00e9naires, dans une atmosph\u00e8re paisible et bienveillante.<\/p>\n<p>Les pratiquants b\u00e9n\u00e9ficient de <a href=\"http:\/\/atelierenergie.org\/index.php\/a-propos-de\/\">cours<\/a> vari\u00e9s, avec des apports th\u00e9oriques en m\u00e9decine traditionnelle chinoise. Les s\u00e9ances sont con\u00e7ues pour apporter d\u00e9tente et bien-\u00eatre, tout en tonifiant le corps.<\/p>\n<p>Les enseignants de l&rsquo;association se sont form\u00e9s aupr\u00e8s de sp\u00e9cialistes reconnus tels que MA FAN, Yves REQUENA, LIU DONG&#8230;<\/p>\n<p><\/div>\u00a0<div class=\"eds-animate edsanimate-sis-hidden \" data-eds-entry-animation=\"bounceInDown\" data-eds-entry-delay=\"0.2\" data-eds-entry-duration=\"1.2\" data-eds-entry-timing=\"cubic-bezier(0.445, 0.05, 0.55, 0.95)\" data-eds-exit-animation=\"\" data-eds-exit-delay=\"\" data-eds-exit-duration=\"\" data-eds-exit-timing=\"\" data-eds-repeat-count=\"1\" data-eds-keep=\"yes\" data-eds-animate-on=\"load\" data-eds-scroll-offset=\"\"><\/p>\n<p><img decoding=\"async\" loading=\"lazy\" class=\"alignnone size-full wp-image-269\" src=\"https:\/\/atelierenergie.org\/wp-content\/uploads\/2023\/02\/frise-tai-chi-humains.jpg\" alt=\"\" width=\"800\" height=\"275\" srcset=\"https:\/\/atelierenergie.org\/wp-content\/uploads\/2023\/02\/frise-tai-chi-humains.jpg 800w, https:\/\/atelierenergie.org\/wp-content\/uploads\/2023\/02\/frise-tai-chi-humains-300x103.jpg 300w, https:\/\/atelierenergie.org\/wp-content\/uploads\/2023\/02\/frise-tai-chi-humains-768x264.jpg 768w\" sizes=\"(max-width: 800px) 100vw, 800px\" \/><\/p>\n<\/div>\n","protected":false},"excerpt":{"rendered":"<p>Bienvenue sur le site de l&rsquo;Association ATELIER ENERGIE bas\u00e9e \u00e0 Cognin pr\u00e8s de Chamb\u00e9ry (Savoie, France). L&rsquo;association ATELIER ENERGIE\u00a0a pour objet le d\u00e9veloppement du Qi Gong et du Ta\u00ef chi dans la r\u00e9gion&#8230; Ces Arts \u00e9nerg\u00e9tiques sont d\u00e9sormais reconnus mondialement &hellip; <a href=\"https:\/\/atelierenergie.org\/\">Continuer la lecture <span class=\"meta-nav\">&rarr;<\/span><\/a><\/p>\n","protected":false},"author":1,"featured_media":0,"parent":0,"menu_order":0,"comment_status":"closed","ping_status":"closed","template":"","meta":[],"_links":{"self":[{"href":"https:\/\/atelierenergie.org\/index.php\/wp-json\/wp\/v2\/pages\/7"}],"collection":[{"href":"https:\/\/atelierenergie.org\/index.php\/wp-json\/wp\/v2\/pages"}],"about":[{"href":"https:\/\/atelierenergie.org\/index.php\/wp-json\/wp\/v2\/types\/page"}],"author":[{"embeddable":true,"href":"https:\/\/atelierenergie.org\/index.php\/wp-json\/wp\/v2\/users\/1"}],"replies":[{"embeddable":true,"href":"https:\/\/atelierenergie.org\/index.php\/wp-json\/wp\/v2\/comments?post=7"}],"version-history":[{"count":19,"href":"https:\/\/atelierenergie.org\/index.php\/wp-json\/wp\/v2\/pages\/7\/revisions"}],"predecessor-version":[{"id":270,"href":"https:\/\/atelierenergie.org\/index.php\/wp-json\/wp\/v2\/pages\/7\/revisions\/270"}],"wp:attachment":[{"href":"https:\/\/atelierenergie.org\/index.php\/wp-json\/wp\/v2\/media?parent=7"}],"curies":[{"name":"wp","href":"https:\/\/api.w.org\/{rel}","templated":true}]}}