{"id":8,"date":"2017-08-17T08:12:52","date_gmt":"2017-08-17T06:12:52","guid":{"rendered":"http:\/\/atelierenergie.org\/?page_id=8"},"modified":"2024-09-16T16:56:53","modified_gmt":"2024-09-16T14:56:53","slug":"a-propos-de","status":"publish","type":"page","link":"https:\/\/atelierenergie.org\/index.php\/a-propos-de\/","title":{"rendered":"S\u00e9ances"},"content":{"rendered":"<p><div class=\"eds-animate edsanimate-sis-hidden \" data-eds-entry-animation=\"bounceInDown\" data-eds-entry-delay=\"0.1\" data-eds-entry-duration=\"1.2\" data-eds-entry-timing=\"cubic-bezier(0.445, 0.05, 0.55, 0.95)\" data-eds-exit-animation=\"\" data-eds-exit-delay=\"\" data-eds-exit-duration=\"\" data-eds-exit-timing=\"\" data-eds-repeat-count=\"1\" data-eds-keep=\"yes\" data-eds-animate-on=\"load\" data-eds-scroll-offset=\"\">Les cours de Qi Gong et de Ta\u00ef Chi sont dispens\u00e9s \u00e0 Cognin et du Ta\u00ef Chi \u00e0 Challes les Eaux (Grand Chamb\u00e9ry, Savoie), tout au long de l&rsquo;ann\u00e9e (p\u00e9riode scolaire).<\/p>\n<\/div>\n<p><div class=\"eds-animate edsanimate-sis-hidden \" data-eds-entry-animation=\"bounceInDown\" data-eds-entry-delay=\"0.4\" data-eds-entry-duration=\"1.2\" data-eds-entry-timing=\"cubic-bezier(0.445, 0.05, 0.55, 0.95)\" data-eds-exit-animation=\"\" data-eds-exit-delay=\"\" data-eds-exit-duration=\"\" data-eds-exit-timing=\"\" data-eds-repeat-count=\"1\" data-eds-keep=\"yes\" data-eds-animate-on=\"load\" data-eds-scroll-offset=\"\"> <u><strong>Qi Gong\u00a0 et Ta\u00ef Chi <\/strong><\/u><strong>\u00e0 Cognin :<\/strong><\/p>\n<ul>\n<li><strong>jeudi \u00e0 18h30 \u00e0 la salle de la Forgerie<\/strong>, \u00e0 Cognin :\u00a0 \u00a0 \u00a0 \u00a0 \u00a0 \u00a0 \u00a0 \u00a0 \u00a0 \u00a0 \u00a0 \u00a0 \u00a0 \u00a0 \u00a0 \u00a0 \u00a0 \u00a0 \u00a0 \u00a0 \u00a0 \u00a0 \u00a0 \u00a0 \u00a0 \u00a0 \u00a0 \u00a0 \u00a0 <strong>Qi Gong<\/strong> de 18h30 \u00e0 19h40\u00a0 pour tous\u00a0 \u00a0 \u00a0 \u00a0 \u00a0 \u00a0 \u00a0 \u00a0 \u00a0 \u00a0 \u00a0 \u00a0 \u00a0 \u00a0 \u00a0 \u00a0 \u00a0 \u00a0 \u00a0 \u00a0 \u00a0 \u00a0 \u00a0 \u00a0 \u00a0 \u00a0 \u00a0 \u00a0 \u00a0 \u00a0 \u00a0 \u00a0 \u00a0 \u00a0 \u00a0 \u00a0 \u00a0 \u00a0 \u00a0 \u00a0 \u00a0 \u00a0 \u00a0 \u00a0 \u00a0 \u00a0 \u00a0+<strong>Ta\u00ef Chi<\/strong> de 19h30 \u00e0 20h\u00a0 pour ceux qui le souhaitent<\/li>\n<\/ul>\n<ul>\n<li><strong>Qi Gong le vendredi de 14h15 \u00e0 15h30, \u00e0 la salle de danse du gymnase du coll\u00e8ge Henri Bordeaux\u00a0<\/strong> \u00e0 Cognin<\/li>\n<\/ul>\n<p><u><strong>Ta\u00ef Chi<\/strong><\/u><strong> \u00e0 Challes les Eaux :\u00a0<\/strong><strong>\u00a0 \u00a0 \u00a0 \u00a0 \u00a0 \u00a0 \u00a0 \u00a0 \u00a0 \u00a0 \u00a0 \u00a0 \u00a0 \u00a0 \u00a0 \u00a0 \u00a0 \u00a0 \u00a0 \u00a0 \u00a0 \u00a0 \u00a0 \u00a0 \u00a0 \u00a0 \u00a0 \u00a0 \u00a0 \u00a0 \u00a0 \u00a0 \u00a0 \u00a0 \u00a0 \u00a0 \u00a0 \u00a0 \u00a0 \u00a0 \u00a0 \u00a0 \u00a0 \u00a0 \u00a0 \u00a0 \u00a0 \u00a0\u00a0<\/strong><\/p>\n<ul>\n<li><strong>Ta\u00ef Chi le lundi de\u00a0 19h30 \u00e0 20h30 \u00e0 la salle Bleue<\/strong> ( derri\u00e8re la mairie de Challes )\u00a0 \u00a0 \u00a0 \u00a0 \u00a0 \u00a0 \u00a0 \u00a0 (dans le cadre de l&rsquo;association Yoga Qi Gong )<\/li>\n<\/ul>\n<p>Les cours suivent le rythme scolaire<\/div><div class=\"eds-animate edsanimate-sis-hidden \" data-eds-entry-animation=\"bounceInDown\" data-eds-entry-delay=\"0.6\" data-eds-entry-duration=\"1.2\" data-eds-entry-timing=\"cubic-bezier(0.445, 0.05, 0.55, 0.95)\" data-eds-exit-animation=\"\" data-eds-exit-delay=\"\" data-eds-exit-duration=\"\" data-eds-exit-timing=\"\" data-eds-repeat-count=\"1\" data-eds-keep=\"yes\" data-eds-animate-on=\"load\" data-eds-scroll-offset=\"\"><u>Contenu des cours<\/u>\u00a0:<\/p>\n<p>Les cours sont compos\u00e9s d&rsquo;exercices tr\u00e8s divers : apprentissage des Qi Gong de base, et de Qi Gong avanc\u00e9s, marches sp\u00e9cifiques, Qi Gong statiques, etc.<\/p>\n<p>La progression d&rsquo;ann\u00e9e suit les saisons \u00e9nerg\u00e9tiques chinoises, afin de potentialiser les effets b\u00e9n\u00e9fiques de la pratique.<\/p>\n<p>Chaque pratiquant progresse \u00e0 son rythme, sans notion de comp\u00e9tition, avec un objectif de recherche d&rsquo;harmonie.<\/p>\n<p><u>Questions pratiques<\/u>\u00a0:<\/p>\n<p>Tenue souple, avec chaussons de gym ou baskets l\u00e9g\u00e8res.<\/p>\n<p>Aucun accessoire n&rsquo;est requis.<\/p>\n<p><u>Enseignants<\/u>\u00a0:<\/p>\n<p>Miguel et Ir\u00e8ne PRIETO, pratiquants de Ta\u00ef Chi et Qi Gong depuis 35 ans, form\u00e9s \u00e0 l&rsquo;\u00e9cole SHAO YANG de Lyon au Qi Gong th\u00e9rapeutique, form\u00e9s \u00e9galement aupr\u00e8s de sp\u00e9cialistes reconnus tels que MA FAN, Yves REQUENA, Dominique BANIZETTE, LIU DONG&#8230; Miguel est titulaire du Certificat de Qualification Professionnelle par la F\u00e9d\u00e9ration Sport pour Tous: CQP ALS AGEE.<\/p>\n<p><u>Tarifs pour Atelier Energie ( Cognin)<\/u>:<\/p>\n<p>Adh\u00e9sion \u00e0 l&rsquo;association : 20 \u20ac<\/p>\n<p>Cotisation pour les cours :\u00a0 \u00a0 \u00a0 \u00a0 \u00a0 \u00a0 \u00a0 \u00a0 \u00a0 \u00a0 \u00a0 \u00a0 \u00a0 \u00a0 \u00a0 \u00a0 \u00a0 \u00a0 \u00a0 \u00a0 \u00a0 \u00a0 \u00a0 \u00a0 \u00a0 \u00a0 \u00a0 \u00a0 \u00a0 \u00a0 \u00a0 \u00a0 \u00a0 \u00a0 \u00a0 \u00a0 \u00a0 \u00a0 \u00a0 \u00a0 \u00a0 \u00a0 \u00a0 \u00a0 \u00a0 \u00a0 \u00a0 \u00a0 \u00a0 \u00a0 \u00a0 \u00a0 \u00a0 \u00a0 \u00a0 \u00a0 \u00a0 \u00a0 \u00a0 \u00a0 \u00a0 \u00a0 Qi Gong 60 \u20ac par trimestre\u00a0 \u00a0 \u00a0 \u00a0 \u00a0 \u00a0 \u00a0 \u00a0 \u00a0 \u00a0 \u00a0 \u00a0 \u00a0 \u00a0 \u00a0 \u00a0 \u00a0 \u00a0 \u00a0 \u00a0 \u00a0 \u00a0 \u00a0 \u00a0 \u00a0 \u00a0 \u00a0 \u00a0 \u00a0 \u00a0 \u00a0 \u00a0 \u00a0 \u00a0 \u00a0 \u00a0 \u00a0 \u00a0 \u00a0 \u00a0 \u00a0 \u00a0 \u00a0 \u00a0 \u00a0 \u00a0 \u00a0 \u00a0 \u00a0 \u00a0 \u00a0 \u00a0 \u00a0 \u00a0 \u00a0 \u00a0 \u00a0 \u00a0 \u00a0 \u00a0 Qi Gong et Ta\u00ef Chi 75 \u20ac par trimestre\u00a0 <\/div><div class=\"eds-animate edsanimate-sis-hidden \" data-eds-entry-animation=\"fadeIn\" data-eds-entry-delay=\"1.9\" data-eds-entry-duration=\"2\" data-eds-entry-timing=\"linear\" data-eds-exit-animation=\"\" data-eds-exit-delay=\"\" data-eds-exit-duration=\"\" data-eds-exit-timing=\"\" data-eds-repeat-count=\"1\" data-eds-keep=\"yes\" data-eds-animate-on=\"load\" data-eds-scroll-offset=\"\">Tarifs r\u00e9duits pour \u00e9tudiants, sans emploi et couples. <\/div><\/p>\n","protected":false},"excerpt":{"rendered":"<p>Les cours de Qi Gong et de Ta\u00ef Chi sont dispens\u00e9s \u00e0 Cognin et du Ta\u00ef Chi \u00e0 Challes les Eaux (Grand Chamb\u00e9ry, Savoie), tout au long de l&rsquo;ann\u00e9e (p\u00e9riode scolaire). Qi Gong\u00a0 et Ta\u00ef Chi \u00e0 Cognin : jeudi &hellip; <a href=\"https:\/\/atelierenergie.org\/index.php\/a-propos-de\/\">Continuer la lecture <span class=\"meta-nav\">&rarr;<\/span><\/a><\/p>\n","protected":false},"author":1,"featured_media":0,"parent":0,"menu_order":0,"comment_status":"closed","ping_status":"closed","template":"","meta":[],"_links":{"self":[{"href":"https:\/\/atelierenergie.org\/index.php\/wp-json\/wp\/v2\/pages\/8"}],"collection":[{"href":"https:\/\/atelierenergie.org\/index.php\/wp-json\/wp\/v2\/pages"}],"about":[{"href":"https:\/\/atelierenergie.org\/index.php\/wp-json\/wp\/v2\/types\/page"}],"author":[{"embeddable":true,"href":"https:\/\/atelierenergie.org\/index.php\/wp-json\/wp\/v2\/users\/1"}],"replies":[{"embeddable":true,"href":"https:\/\/atelierenergie.org\/index.php\/wp-json\/wp\/v2\/comments?post=8"}],"version-history":[{"count":70,"href":"https:\/\/atelierenergie.org\/index.php\/wp-json\/wp\/v2\/pages\/8\/revisions"}],"predecessor-version":[{"id":345,"href":"https:\/\/atelierenergie.org\/index.php\/wp-json\/wp\/v2\/pages\/8\/revisions\/345"}],"wp:attachment":[{"href":"https:\/\/atelierenergie.org\/index.php\/wp-json\/wp\/v2\/media?parent=8"}],"curies":[{"name":"wp","href":"https:\/\/api.w.org\/{rel}","templated":true}]}}