{"id":9,"date":"2017-08-17T08:12:52","date_gmt":"2017-08-17T06:12:52","guid":{"rendered":"http:\/\/atelierenergie.org\/?page_id=9"},"modified":"2023-02-14T14:29:52","modified_gmt":"2023-02-14T13:29:52","slug":"contact","status":"publish","type":"page","link":"https:\/\/atelierenergie.org\/index.php\/contact\/","title":{"rendered":"Contact"},"content":{"rendered":"<p><div class=\"eds-animate edsanimate-sis-hidden \" data-eds-entry-animation=\"bounceInDown\" data-eds-entry-delay=\"0.1\" data-eds-entry-duration=\"1.2\" data-eds-entry-timing=\"cubic-bezier(0.445, 0.05, 0.55, 0.95)\" data-eds-exit-animation=\"\" data-eds-exit-delay=\"\" data-eds-exit-duration=\"\" data-eds-exit-timing=\"\" data-eds-repeat-count=\"1\" data-eds-keep=\"yes\" data-eds-animate-on=\"load\" data-eds-scroll-offset=\"\">Pour contacter l&rsquo;association <strong>Atelier Energie<\/strong> :<\/p>\n<p>. email : &nbsp;<strong><a href=\"mailto:info@atelierenergie.org\"><span style=\"color: #ff6600;\">info@atelierenergie.org<\/span><\/a><\/strong><\/p>\n<p>. T\u00e9l\u00e9phone : <strong><span style=\"color: #ff6600;\">04 79 75 44 19<\/span><\/strong><\/p>\n<p><\/div><div class=\"eds-animate edsanimate-sis-hidden \" data-eds-entry-animation=\"rotateInDownLeft\" data-eds-entry-delay=\"1\" data-eds-entry-duration=\"2\" data-eds-entry-timing=\"cubic-bezier(0.755, 0.05, 0.855, 0.06)\" data-eds-exit-animation=\"\" data-eds-exit-delay=\"\" data-eds-exit-duration=\"\" data-eds-exit-timing=\"\" data-eds-repeat-count=\"1\" data-eds-keep=\"yes\" data-eds-animate-on=\"load\" data-eds-scroll-offset=\"\"><\/p>\n<p><img decoding=\"async\" loading=\"lazy\" class=\"size-medium wp-image-115 alignleft\" src=\"http:\/\/atelierenergie.org\/wp-content\/uploads\/2017\/08\/ae-logo-big-300x209.jpeg\" alt=\"\" width=\"300\" height=\"209\" srcset=\"https:\/\/atelierenergie.org\/wp-content\/uploads\/2017\/08\/ae-logo-big-300x209.jpeg 300w, https:\/\/atelierenergie.org\/wp-content\/uploads\/2017\/08\/ae-logo-big-768x535.jpeg 768w, https:\/\/atelierenergie.org\/wp-content\/uploads\/2017\/08\/ae-logo-big-1024x713.jpeg 1024w, https:\/\/atelierenergie.org\/wp-content\/uploads\/2017\/08\/ae-logo-big.jpeg 1240w\" sizes=\"(max-width: 300px) 100vw, 300px\" \/><\/p>\n<p>&nbsp;<\/p>\n<p>&nbsp;<\/p>\n<p>&nbsp;<\/p>\n<p>&nbsp;<\/p>\n<p>&nbsp;<\/p>\n<p><\/div><div class=\"eds-animate edsanimate-sis-hidden \" data-eds-entry-animation=\"fadeIn\" data-eds-entry-delay=\"2.5\" data-eds-entry-duration=\"3\" data-eds-entry-timing=\"linear\" data-eds-exit-animation=\"\" data-eds-exit-delay=\"\" data-eds-exit-duration=\"\" data-eds-exit-timing=\"\" data-eds-repeat-count=\"1\" data-eds-keep=\"yes\" data-eds-animate-on=\"load\" data-eds-scroll-offset=\"\"><\/p>\n<p><strong>Plan d&rsquo;acc\u00e8s<\/strong><\/p>\n<p>La Salle de la Forgerie se situe \u00e0 Cognin dans le sud-ouest du Grand Chamb\u00e9ry, \u00e0 l&rsquo;arri\u00e8re du Super U.<\/p>\n<p><iframe loading=\"lazy\" src=\"https:\/\/www.google.com\/maps\/d\/embed?mid=1zRQmZH4eXOUmghvUZG7bLqMWDzc&amp;hl=en_US\" width=\"640\" height=\"480\"><\/iframe><\/p>\n<\/div>\n","protected":false},"excerpt":{"rendered":"<p>Pour contacter l&rsquo;association Atelier Energie : . email : &nbsp;info@atelierenergie.org . T\u00e9l\u00e9phone : 04 79 75 44 19 &nbsp; &nbsp; &nbsp; &nbsp; &nbsp; Plan d&rsquo;acc\u00e8s La Salle de la Forgerie se situe \u00e0 Cognin dans le sud-ouest du Grand Chamb\u00e9ry, &hellip; <a href=\"https:\/\/atelierenergie.org\/index.php\/contact\/\">Continuer la lecture <span class=\"meta-nav\">&rarr;<\/span><\/a><\/p>\n","protected":false},"author":1,"featured_media":0,"parent":0,"menu_order":0,"comment_status":"closed","ping_status":"closed","template":"","meta":[],"_links":{"self":[{"href":"https:\/\/atelierenergie.org\/index.php\/wp-json\/wp\/v2\/pages\/9"}],"collection":[{"href":"https:\/\/atelierenergie.org\/index.php\/wp-json\/wp\/v2\/pages"}],"about":[{"href":"https:\/\/atelierenergie.org\/index.php\/wp-json\/wp\/v2\/types\/page"}],"author":[{"embeddable":true,"href":"https:\/\/atelierenergie.org\/index.php\/wp-json\/wp\/v2\/users\/1"}],"replies":[{"embeddable":true,"href":"https:\/\/atelierenergie.org\/index.php\/wp-json\/wp\/v2\/comments?post=9"}],"version-history":[{"count":22,"href":"https:\/\/atelierenergie.org\/index.php\/wp-json\/wp\/v2\/pages\/9\/revisions"}],"predecessor-version":[{"id":275,"href":"https:\/\/atelierenergie.org\/index.php\/wp-json\/wp\/v2\/pages\/9\/revisions\/275"}],"wp:attachment":[{"href":"https:\/\/atelierenergie.org\/index.php\/wp-json\/wp\/v2\/media?parent=9"}],"curies":[{"name":"wp","href":"https:\/\/api.w.org\/{rel}","templated":true}]}}